{"id":319,"date":"2022-08-17T19:52:57","date_gmt":"2022-08-17T19:52:57","guid":{"rendered":"https:\/\/colegioamericadejiutepec.com\/aulasvirtuales\/?page_id=319"},"modified":"2022-08-17T19:54:34","modified_gmt":"2022-08-17T19:54:34","slug":"aviso-de-privacidad","status":"publish","type":"page","link":"https:\/\/colegioamericadejiutepec.com\/aulasvirtuales\/index.php\/aviso-de-privacidad\/","title":{"rendered":"AVISO DE PRIVACIDAD"},"content":{"rendered":"<div class='flex_column av-87g1r-aaa2c2e066a56e19130c6a5c2d05657a av_one_full  avia-builder-el-0  avia-builder-el-no-sibling  first flex_column_div '   ><style type=\"text\/css\" data-created_by=\"avia_inline_auto\" id=\"style-css-av-l6y168vb-3f450fc045f55ec0283442b3c8db71f6\">\n#top .av_textblock_section.av-l6y168vb-3f450fc045f55ec0283442b3c8db71f6 .avia_textblock{\ncolor:#000000;\n}\n<\/style>\n<section  class='av_textblock_section av-l6y168vb-3f450fc045f55ec0283442b3c8db71f6'  itemscope=\"itemscope\" itemtype=\"https:\/\/schema.org\/CreativeWork\" ><div class='avia_textblock av_inherit_color'  itemprop=\"text\" ><p>La privacidad de sus datos personales es de total importancia para el Colegio Am\u00e9rica de Jiutepec (en adelante CAJ). En cumplimiento con lo establecido por la Ley Federal de Protecci\u00f3n de Datos Personales en Posesi\u00f3n de los Particulares y dem\u00e1s normas vigentes, el CAJ pone a su disposici\u00f3n el <strong>AVISO DE PRIVACIDAD <\/strong>para hacer de su conocimiento el tratamiento que hacemos de sus datos personales que recabamos, as\u00ed como de los mecanismos mediante los cuales podr\u00e1 ejercer sus derechos de acceso, rectificaci\u00f3n, cancelaci\u00f3n y oposici\u00f3n.<\/p>\n<p>Para el CAJ resulta necesaria la recopilaci\u00f3n de ciertos datos personales para llevar a cabo las actividades propias de la Instituci\u00f3n. El CAJ tiene la obligaci\u00f3n de cumplir con las medidas legales y de seguridad necesarias para proteger sus datos personales y cumplir con su finalidad que ser\u00e1 descrita en este Aviso, todo con el objeto de otorgarle pleno control y decisi\u00f3n sobre la informaci\u00f3n que nos proporciona.<\/p>\n<p>RECOPILACI\u00d3N DE SUS DATOS PERSONALES<\/p>\n<p>El CAJ obtiene, almacena y trata sus datos personales en virtud de los servicios proporcionados y\/o recibidos. Es importante que usted sea el titular o representante legal de los datos que proporciona al CAJ. Asimismo, es indispensable que sus datos sean correctos, completos, veraces, exactos y actuales, en caso de que exista alg\u00fan error o actualizaci\u00f3n le solicitamos atentamente nos lo notifique de acuerdo con lo establecido en el presente aviso.<\/p>\n<p>Los datos personales que recabamos podemos obtenerlos directamente de su titular o representante. Se trata de datos generales y, en ocasiones, puede ser informaci\u00f3n se\u00f1alada como sensible por la Ley, misma que ser\u00e1 tratada bajo las m\u00e1s estrictas medidas de seguridad que garanticen su confidencialidad.<\/p>\n<p>RESPONSABLE DEL TRATAMIENTO DE SUS DATOS PERSONALES<\/p>\n<p>Colegio Am\u00e9rica de Jiutepec<br \/>\n<strong>Domicilio<\/strong>: Calle Lerdo de Tejada #6, Jiutepec, Morelos, M\u00e9xico.<br \/>\n<strong>Tel\u00e9fonos<\/strong>: 777 320 51 51<br \/>\n<strong>Correo electr\u00f3nico<\/strong>: <a href=\"mailto:colegioamerica00@gmail.com\">colegioamerica00@gmail.com<\/a><\/p>\n<p>FINALIDAD DEL TRATAMIENTO<\/p>\n<p>Los datos personales que proporcione al CAJ ser\u00e1n utilizados con distintos fines para cumplir con nuestro compromiso de fomento a la educaci\u00f3n b\u00e1sica, esto incluye operaci\u00f3n, prestaci\u00f3n de servicios acad\u00e9micos, culturales, recreativos, deportivos, difusi\u00f3n y de diversa \u00edndole vinculada con las actividades escolares.<\/p>\n<p>El CAJ graba audios y videos y toma fotograf\u00edas de los diferentes eventos que realizamos como son eventos deportivos, ceremonias generales, conferencias a padres de familia, conferencias a alumnos, obras de teatro, presentaciones de nuestro equipo de danza, conciertos musicales, actividades recreativas, etc. Si usted ingresa al CAJ acepta que podr\u00e1 ser grabado y\/o fotografiado, y que este material podr\u00e1 ser utilizado por el CAJ.<\/p>\n<p>Peri\u00f3dicamente el CAJ graba audios y videos y toma fotograf\u00edas espec\u00edficamente para fines de publicidad, si usted no est\u00e1 en conformidad con que su imagen o la de su representado legal se utilice para este fin, notif\u00edquelo directamente al correo electr\u00f3nico <a href=\"mailto:colegioamerica00@gmail.com\">colegioamerica00@gmail.com<\/a> dentro de los 10 d\u00edas h\u00e1biles siguientes, a partir de la firma de este aviso. En caso de no hacer la notificaci\u00f3n correspondiente, el CAJ asume que cuenta con su consentimiento t\u00e1cito.<\/p>\n<p>Para la correcta prestaci\u00f3n de nuestros servicios, el CAJ podr\u00e1 revelar y\/o transferir a terceros de forma parcial sus datos personales que se encuentren bajo tratamiento, para el cumplimiento de alguna(s) de las finalidades se\u00f1aladas en el presente Aviso en los siguientes casos:<\/p>\n<p>A Instituciones Bancarias y dem\u00e1s proveedores relacionados, en virtud del procesamiento de pagos.<\/p>\n<p>A la Secretar\u00eda de Educaci\u00f3n P\u00fablica estatal y\/o federal y otras dependencias de gobierno que de manera oficial soliciten cualquier tipo de datos que el CAJ tenga sobre el alumno.<\/p>\n<p>Al seguro Escolar, con la finalidad de que el alumno cuente con un seguro de accidentes.<br \/>\nA personas relacionadas con el CAJ para fines de comprobaci\u00f3n, revisi\u00f3n y certificaci\u00f3n en materia fiscal y administrativa a.<br \/>\nA la autoridad competente en caso de que lo requiera.<br \/>\nPara evaluar la calidad del servicio.<br \/>\nA la Federaci\u00f3n de Escuelas Particulares del Estado de Morelos, con la finalidad de incorporar a los alumnos a esta federaci\u00f3n y pueden participar en los eventos organizados.<br \/>\nA la Universidad de Cambridge, con el objeto de que los alumnos pueden obtener una certificaci\u00f3n internacional en el dominio del idioma ingl\u00e9s.<\/p>\n<p>DATOS PERSONALES QUE PUEDEN RECABARSE<\/p>\n<p>Al inscribir a su hijo o hija (alumno) a cualquiera de las secciones del \u201cCAJ\u201d usted acepta que se recaben los datos personales necesarios como parte del historial del alumno, as\u00ed como de sus padres y\/o tutores. Es importante mencionar que en algunos casos ser\u00e1n recabados y tratados datos personales sensibles, como aquellos que se refieren al estado de salud, creencias religiosas, filos\u00f3ficas, morales y otros que se consideren pertinentes.<\/p>\n<p>El \u201cCAJ\u201d podr\u00e1 recabar de manera enunciativa a m\u00e1s no limitativa \u00a0\u00a0a:<\/p>\n<p>Datos sobre el alumno: nombre completo, domicilio, CURP, RFC, fecha de nacimiento, celular personal, correo electr\u00f3nico personal, nacionalidad, escuela de procedencia. Tambi\u00e9n se recabar\u00e1 informaci\u00f3n del \u00e1rea m\u00e9dica como alergias, enfermedades, tratamientos m\u00e9dicos o psicol\u00f3gicos, as\u00ed como el nombre y datos de su m\u00e9dico.<\/p>\n<p>Datos sobre los padres o tutores: nombre completo de la madre y el padre o tutores del alumno, estado civil, domicilio completo de la familia o de cada uno en caso de no vivir juntos, as\u00ed como tel\u00e9fonos dom\u00e9sticos, celulares, correos electr\u00f3nicos. Tambi\u00e9n su ocupaci\u00f3n, domicilio de trabajo, empleo o negocio, puesto que desempe\u00f1a, nivel de estudios y horarios de trabajo. En caso de solicitar facturaci\u00f3n electr\u00f3nica, se solicitar\u00e1n RFC, CURP, domicilio fiscal y dem\u00e1s datos necesarios para ese servicio.<\/p>\n<p>Datos complementarios del alumno: adem\u00e1s de los datos anteriores tambi\u00e9n podr\u00e1n solicitarse datos como situaci\u00f3n familiar, nombre de otros hijos, as\u00ed como escolaridad y ocupaci\u00f3n, datos del comportamiento del alumno en lo social, familiar, emotivo, salud, deportivo o. As\u00ed como otro tipo de datos solicitados en entrevistas de admisi\u00f3n y\/o de seguimiento que permitan evaluar al alumno y\/o su familia.<\/p>\n<p>Datos complementarios de tipo econ\u00f3mico: para el proceso de solicitud de beca, se solicitar\u00e1 informaci\u00f3n referente al entorno econ\u00f3mico familiar como ingresos, egresos, declaraciones de impuestos, recibos de n\u00f3mina o documentaci\u00f3n que justifique la situaci\u00f3n econ\u00f3mica de la familia.<\/p>\n<p>MEDIDAS DE SEGURIDAD<\/p>\n<p>El CAJ cuenta con las medidas de seguridad administrativas, t\u00e9cnicas y f\u00edsicas suficientes para proteger sus datos personales con el fin de evitar el da\u00f1o, p\u00e9rdida, alteraci\u00f3n, destrucci\u00f3n o el uso, acceso o tratamiento no autorizado de los mismos. El personal del CAJ se encuentra debidamente capacitado y comprometido para tratar sus datos personales preservando su confidencialidad y privacidad.<\/p>\n<p>El CAJ es una Instituci\u00f3n comprometida con la seguridad de sus datos y la prestaci\u00f3n de un servicio de calidad, por ello, consciente del desarrollo tecnol\u00f3gico y de los riesgos que conlleva, se compromete a implementar y conservar las medidas de seguridad necesarias, suficientes y \u00f3ptimas para el efecto de evitar en la medida de lo posible, cualquier riesgo que pudiera afectar sus datos personales. En caso de que existiera alguna situaci\u00f3n de riesgo, el CAJ inmediatamente adoptar\u00e1 el procedimiento adecuado para su soluci\u00f3n.<\/p>\n<p>SUS DERECHOS ARCO<\/p>\n<p><strong>\u00a0<\/strong>Conforme a la Ley Federal de Protecci\u00f3n de Datos Personales en Posesi\u00f3n de Particulares, el titular de los datos o su representante legal debidamente acreditado podr\u00e1n ejercer los derechos de acceso a sus datos personales y a los detalles del tratamiento de los mismos, rectificaci\u00f3n de datos inexactos o incompletos, cancelaci\u00f3n, limitaci\u00f3n y divulgaci\u00f3n de datos cuando considere que no se requieren para alguna de las finalidades y oposici\u00f3n de alg\u00fan fin espec\u00edfico.<\/p>\n<p>Esto lo podr\u00e1 realizar presentando su solicitud directamente en el \u00c1rea de Datos Personales del CAJ, con domicilio en la calle Lerdo de Tejada #6, Jiutepec, Morelos, M\u00e9xico., o bien mediante correo electr\u00f3nico a la siguiente direcci\u00f3n <a href=\"mailto:colegioamerica00@gmail.com\">colegioamerica00@gmail.com<\/a><\/p>\n<p>La solicitud de acceso, rectificaci\u00f3n, cancelaci\u00f3n u oposici\u00f3n deber\u00e1 contener y acompa\u00f1ar lo siguiente:<\/p>\n<p>Nombre del titular y domicilio u otro medio para comunicarle la respuesta a su solicitud.<br \/>\nDocumento que acredite su identidad o, en su caso, la representaci\u00f3n legal del titular.<br \/>\nDescripci\u00f3n clara y precisa de los datos personales respecto de los que se busca ejercer alguno de los derechos antes mencionados, y<br \/>\ncualquier otro elemento o documento que facilite la localizaci\u00f3n de los datos personales.<\/p>\n<p>El CAJ tendr\u00e1 un plazo de 10 d\u00edas h\u00e1biles contados a partir de la fecha en que recibi\u00f3 la solicitud de acceso, rectificaci\u00f3n, cancelaci\u00f3n u oposici\u00f3n de sus datos personales para responderla. Si la solicitud es procedente, se har\u00e1 efectiva dentro de los 10 d\u00edas h\u00e1biles siguientes a la fecha en que se haya comunicado la respuesta anterior. Cuando se trate de solicitudes de acceso a datos personales, la entrega proceder\u00e1 previa acreditaci\u00f3n de la identidad del solicitante o representante legal, seg\u00fan corresponda.<\/p>\n<p>Los plazos antes referidos podr\u00e1n ser ampliados una sola vez por un periodo igual, siempre y cuando as\u00ed lo justifiquen las circunstancias del caso. Si desea revocar el consentimiento otorgado para el tratamiento de datos personales por parte del CAJ, deber\u00e1 informarlo por escrito al \u00c1rea de Datos Personales CAJ, en donde ser\u00e1 atendida su solicitud.<\/p>\n<p>MODIFICACIONES AL AVISO DE PRIVACIDAD<\/p>\n<p>El CAJ se reserva el derecho de efectuar en cualquier momento modificaciones o actualizaciones al presente Aviso de Privacidad para la atenci\u00f3n de reformas jur\u00eddicas, pol\u00edticas internas o nuevos requerimientos para la prestaci\u00f3n u ofrecimiento de nuestros servicios. Toda modificaci\u00f3n estar\u00e1 disponible en la p\u00e1gina web <a href=\"https:\/\/colegioamericadejiutepec.com\/\">https:\/\/colegioamericadejiutepec.com\/<\/a><\/p>\n<p>Jiutepec, agosto 2022<\/p>\n<\/div><\/section><\/div>\n","protected":false},"excerpt":{"rendered":"","protected":false},"author":1,"featured_media":0,"parent":0,"menu_order":0,"comment_status":"closed","ping_status":"closed","template":"","meta":{"om_disable_all_campaigns":false,"_mi_skip_tracking":false,"_monsterinsights_sitenote_active":false,"_monsterinsights_sitenote_note":"","_monsterinsights_sitenote_category":0},"aioseo_notices":[],"_links":{"self":[{"href":"https:\/\/colegioamericadejiutepec.com\/aulasvirtuales\/index.php\/wp-json\/wp\/v2\/pages\/319"}],"collection":[{"href":"https:\/\/colegioamericadejiutepec.com\/aulasvirtuales\/index.php\/wp-json\/wp\/v2\/pages"}],"about":[{"href":"https:\/\/colegioamericadejiutepec.com\/aulasvirtuales\/index.php\/wp-json\/wp\/v2\/types\/page"}],"author":[{"embeddable":true,"href":"https:\/\/colegioamericadejiutepec.com\/aulasvirtuales\/index.php\/wp-json\/wp\/v2\/users\/1"}],"replies":[{"embeddable":true,"href":"https:\/\/colegioamericadejiutepec.com\/aulasvirtuales\/index.php\/wp-json\/wp\/v2\/comments?post=319"}],"version-history":[{"count":3,"href":"https:\/\/colegioamericadejiutepec.com\/aulasvirtuales\/index.php\/wp-json\/wp\/v2\/pages\/319\/revisions"}],"predecessor-version":[{"id":323,"href":"https:\/\/colegioamericadejiutepec.com\/aulasvirtuales\/index.php\/wp-json\/wp\/v2\/pages\/319\/revisions\/323"}],"wp:attachment":[{"href":"https:\/\/colegioamericadejiutepec.com\/aulasvirtuales\/index.php\/wp-json\/wp\/v2\/media?parent=319"}],"curies":[{"name":"wp","href":"https:\/\/api.w.org\/{rel}","templated":true}]}}